{"id":91,"date":"2025-10-28T10:09:34","date_gmt":"2025-10-28T09:09:34","guid":{"rendered":"https:\/\/silencioradiante.com\/?page_id=91"},"modified":"2026-01-08T14:14:54","modified_gmt":"2026-01-08T13:14:54","slug":"teachers","status":"publish","type":"page","link":"https:\/\/silencioradiante.com\/pt\/teachers\/","title":{"rendered":"Teachers"},"content":{"rendered":"<div class=\"wp-block-cover alignfull\"><img loading=\"lazy\" decoding=\"async\" width=\"1920\" height=\"1080\" class=\"wp-block-cover__image-background wp-image-498 size-full\" alt=\"\" src=\"https:\/\/silencioradiante.com\/wp-content\/uploads\/2025\/12\/MKI-Teachers_1-1.png\" data-object-fit=\"cover\" srcset=\"https:\/\/silencioradiante.com\/wp-content\/uploads\/2025\/12\/MKI-Teachers_1-1.png 1920w, https:\/\/silencioradiante.com\/wp-content\/uploads\/2025\/12\/MKI-Teachers_1-1-300x169.png 300w, https:\/\/silencioradiante.com\/wp-content\/uploads\/2025\/12\/MKI-Teachers_1-1-1024x576.png 1024w, https:\/\/silencioradiante.com\/wp-content\/uploads\/2025\/12\/MKI-Teachers_1-1-768x432.png 768w, https:\/\/silencioradiante.com\/wp-content\/uploads\/2025\/12\/MKI-Teachers_1-1-1536x864.png 1536w, https:\/\/silencioradiante.com\/wp-content\/uploads\/2025\/12\/MKI-Teachers_1-1-1320x743.png 1320w\" sizes=\"auto, (max-width: 1920px) 100vw, 1920px\" \/><span aria-hidden=\"true\" class=\"wp-block-cover__background has-background-dim-0 has-background-dim\" style=\"background-color:#645c67\"><\/span><div class=\"wp-block-cover__inner-container is-layout-constrained wp-block-cover-is-layout-constrained\">\t\t\t\t<div class = \"wp-block-uagb-lottie\">\n\t\t\t\t\t<div class = \"uagb-block-d6be9a0a uagb-lottie__outer-wrap uagb-lottie__center\" style=\"\">\n\t\t\t\t\t<\/div>\n\t\t\t\t<\/div>\n\t\t\t\n\n\n<h2 class=\"wp-block-heading has-text-align-center has-large-font-size\">ASSOCIA\u00c7\u00c3O DA MKI <br>PARA PROFESSORES<\/h2>\n<\/div><\/div>\n\n\n\n<div style=\"height:100px\" aria-hidden=\"true\" class=\"wp-block-spacer\"><\/div>\n\n\n\n<div class=\"wp-block-columns is-layout-flex wp-container-core-columns-is-layout-28f84493 wp-block-columns-is-layout-flex\">\n<div class=\"wp-block-column is-layout-flow wp-block-column-is-layout-flow\" style=\"flex-basis:33.33%\">\n<div class=\"wp-block-uagb-image aligncenter uagb-block-78af7c74 wp-block-uagb-image--layout-default wp-block-uagb-image--effect-static wp-block-uagb-image--align-center\"><figure class=\"wp-block-uagb-image__figure\"><img decoding=\"async\" srcset=\"https:\/\/silencioradiante.com\/wp-content\/uploads\/2025\/11\/MKI-Awareness-684x1024.png ,https:\/\/silencioradiante.com\/wp-content\/uploads\/2025\/11\/MKI-Awareness.png 780w, https:\/\/silencioradiante.com\/wp-content\/uploads\/2025\/11\/MKI-Awareness.png 360w\" sizes=\"auto, (max-width: 480px) 150px\" src=\"https:\/\/silencioradiante.com\/wp-content\/uploads\/2025\/11\/MKI-Awareness-684x1024.png\" alt=\"\" class=\"uag-image-454\" width=\"684\" height=\"1024\" title=\"MKI Awareness\" loading=\"lazy\" role=\"img\"\/><\/figure><\/div>\n<\/div>\n\n\n\n<div class=\"wp-block-column is-layout-flow wp-block-column-is-layout-flow\" style=\"flex-basis:66.66%\">\n<h5 class=\"wp-block-heading\"><strong>Uma assinatura anual do ensinamento de MKI oferece acesso cont\u00ednuo a orienta\u00e7\u00e3o e apoio ao longo de todo o ano.<\/strong> <\/h5>\n\n\n\n<p>Ela tamb\u00e9m \u00e9 uma forma de apoiar seu professor, ajudando a sustentar os ensinamentos para voc\u00ea e para a comunidade como um todo.<\/p>\n\n\n\n<p>Todos os meses, voc\u00ea recebe acesso a um webinar ao vivo com MKI. Nessas sess\u00f5es, ele compartilha o que considera mais importante naquele momento \u2014 muitas vezes com base nos e-mails que recebe \u2014 e, quando o tempo permite, os professores tamb\u00e9m podem compartilhar a partir de sua pr\u00f3pria experi\u00eancia.<\/p>\n\n\n\n<p>Voc\u00ea tamb\u00e9m ter\u00e1 acesso cont\u00ednuo a uma biblioteca de recursos que pode utilizar a qualquer momento. Isso inclui os&nbsp;<em>Dicas e Armadilhas<\/em>, recomendados para releitura frequente, assim como grava\u00e7\u00f5es em v\u00eddeo e \u00e1udio de Maharishi que exploram cada aspecto dos Tips and Traps com mais profundidade.<\/p>\n\n\n\n<p>Este \u00e9 um convite para explorar e aproveitar plenamente os recursos dispon\u00edveis. N\u00e3o se trata de uma nova tarefa \u2014 \u00e9 o material definitivo para brincar, explorar e experimentar. Ent\u00e3o assista, escute e aproveite!<\/p>\n<\/div>\n<\/div>\n\n\n\n<div class=\"wp-block-uagb-separator uagb-block-f364c98d wp-block-uagb-separator--text\"><div class=\"uagb-separator-spacing-wrapper\"><div class=\"wp-block-uagb-separator__inner\" style=\"--my-background-image:\"><div class=\"wp-block-uagb-separator-element\"><h1 class=\"uagb-html-tag\">O que est\u00e1 inclu\u00eddo<\/h1><\/div><\/div><\/div><\/div>\n\n\n\n<div class=\"wp-block-uagb-container uagb-block-7d1eb450 alignfull uagb-is-root-container\"><div class=\"uagb-container-inner-blocks-wrap\">\n<div class=\"wp-block-uagb-container uagb-block-1466ebb0\">      \n\t\t\t<div class=\"uagb-icon-wrapper uagb-block-a1305b35\"\n\t\t\tstyle=\"\" >\n\t\t\t\t\t\t\t\t\t<span class=\"uagb-svg-wrapper\" \n\t\t\t\t\t aria-label=\"video\"\t\t\t\t\ttabindex=\"0\">\t\t\n\t\t\t\t\t\t\t\t\t\t<svg xmlns=\"https:\/\/www.w3.org\/2000\/svg\" viewbox= \"0 0 576 512\" role=\"graphics-symbol\" aria-hidden=\"false\" aria-label=\"\"><path d=\"M384 112v288c0 26.51-21.49 48-48 48h-288c-26.51 0-48-21.49-48-48v-288c0-26.51 21.49-48 48-48h288C362.5 64 384 85.49 384 112zM576 127.5v256.9c0 25.5-29.17 40.39-50.39 25.79L416 334.7V177.3l109.6-75.56C546.9 87.13 576 102.1 576 127.5z\"><\/path><\/svg>\n\t\t\t\t\t\t\t\t\t<\/span>\n\t\t\t\t\t\t\t<\/div>\n\t\t\t\n\n\n<p class=\"has-text-align-center\" style=\"margin-top:0;margin-bottom:0;padding-top:0;padding-bottom:0\">Webinar mensal<\/p>\n<\/div>\n\n\n\n<div class=\"wp-block-uagb-container uagb-block-6550839a\">      \n\t\t\t<div class=\"uagb-icon-wrapper uagb-block-21bb68a4\"\n\t\t\tstyle=\"\" >\n\t\t\t\t\t\t\t\t\t<span class=\"uagb-svg-wrapper\" \n\t\t\t\t\t aria-label=\"circle-play\"\t\t\t\t\ttabindex=\"0\">\t\t\n\t\t\t\t\t\t\t\t\t\t<svg xmlns=\"https:\/\/www.w3.org\/2000\/svg\" viewbox= \"0 0 512 512\" role=\"graphics-symbol\" aria-hidden=\"false\" aria-label=\"\"><path d=\"M512 256C512 397.4 397.4 512 256 512C114.6 512 0 397.4 0 256C0 114.6 114.6 0 256 0C397.4 0 512 114.6 512 256zM176 168V344C176 352.7 180.7 360.7 188.3 364.9C195.8 369.2 205.1 369 212.5 364.5L356.5 276.5C363.6 272.1 368 264.4 368 256C368 247.6 363.6 239.9 356.5 235.5L212.5 147.5C205.1 142.1 195.8 142.8 188.3 147.1C180.7 151.3 176 159.3 176 168V168z\"><\/path><\/svg>\n\t\t\t\t\t\t\t\t\t<\/span>\n\t\t\t\t\t\t\t<\/div>\n\t\t\t\n\n\n<p class=\"has-text-align-center\" style=\"margin-top:0;margin-bottom:0;padding-top:0;padding-bottom:0\">Reprise do webinar<\/p>\n<\/div>\n\n\n\n<div class=\"wp-block-uagb-container uagb-block-2d123bdf\">      \n\t\t\t<div class=\"uagb-icon-wrapper uagb-block-92aa3a09\"\n\t\t\tstyle=\"\" >\n\t\t\t\t\t\t\t\t\t<span class=\"uagb-svg-wrapper\" \n\t\t\t\t\t aria-label=\"music\"\t\t\t\t\ttabindex=\"0\">\t\t\n\t\t\t\t\t\t\t\t\t\t<svg xmlns=\"https:\/\/www.w3.org\/2000\/svg\" viewbox= \"0 0 512 512\" role=\"graphics-symbol\" aria-hidden=\"false\" aria-label=\"\"><path d=\"M511.1 367.1c0 44.18-42.98 80-95.1 80s-95.1-35.82-95.1-79.1c0-44.18 42.98-79.1 95.1-79.1c11.28 0 21.95 1.92 32.01 4.898V148.1L192 224l-.0023 208.1C191.1 476.2 149 512 95.1 512S0 476.2 0 432c0-44.18 42.98-79.1 95.1-79.1c11.28 0 21.95 1.92 32 4.898V126.5c0-12.97 10.06-26.63 22.41-30.52l319.1-94.49C472.1 .6615 477.3 0 480 0c17.66 0 31.97 14.34 32 31.99L511.1 367.1z\"><\/path><\/svg>\n\t\t\t\t\t\t\t\t\t<\/span>\n\t\t\t\t\t\t\t<\/div>\n\t\t\t\n\n\n<p class=\"has-text-align-center\" style=\"margin-top:0;margin-bottom:0;padding-top:0;padding-bottom:0\">Grava\u00e7\u00f5es de \u00e1udio<\/p>\n<\/div>\n\n\n\n<div class=\"wp-block-uagb-container uagb-block-e0bfcbd1\">      \n\t\t\t<div class=\"uagb-icon-wrapper uagb-block-32b8a1d7\"\n\t\t\tstyle=\"\" >\n\t\t\t\t\t\t\t\t\t<span class=\"uagb-svg-wrapper\" \n\t\t\t\t\t aria-label=\"table-list\"\t\t\t\t\ttabindex=\"0\">\t\t\n\t\t\t\t\t\t\t\t\t\t<svg xmlns=\"https:\/\/www.w3.org\/2000\/svg\" viewbox= \"0 0 512 512\" role=\"graphics-symbol\" aria-hidden=\"false\" aria-label=\"\"><path d=\"M0 96C0 60.65 28.65 32 64 32H448C483.3 32 512 60.65 512 96V416C512 451.3 483.3 480 448 480H64C28.65 480 0 451.3 0 416V96zM64 160H128V96H64V160zM448 96H192V160H448V96zM64 288H128V224H64V288zM448 224H192V288H448V224zM64 416H128V352H64V416zM448 352H192V416H448V352z\"><\/path><\/svg>\n\t\t\t\t\t\t\t\t\t<\/span>\n\t\t\t\t\t\t\t<\/div>\n\t\t\t\n\n\n<p class=\"has-text-align-center\" style=\"margin-top:0;margin-bottom:0;padding-top:0;padding-bottom:0\">Dicas &amp; Armadilhas<\/p>\n<\/div>\n\n\n\n<div class=\"wp-block-uagb-container uagb-block-42240b3b\">      \n\t\t\t<div class=\"uagb-icon-wrapper uagb-block-aa4cef50\"\n\t\t\tstyle=\"\" >\n\t\t\t\t\t\t\t\t\t<span class=\"uagb-svg-wrapper\" \n\t\t\t\t\t aria-label=\"note-sticky\"\t\t\t\t\ttabindex=\"0\">\t\t\n\t\t\t\t\t\t\t\t\t\t<svg xmlns=\"https:\/\/www.w3.org\/2000\/svg\" viewbox= \"0 0 448 512\" role=\"graphics-symbol\" aria-hidden=\"false\" aria-label=\"\"><path d=\"M400 32h-352C21.49 32 0 53.49 0 80v352C0 458.5 21.49 480 48 480h245.5c16.97 0 33.25-6.744 45.26-18.75l90.51-90.51C441.3 358.7 448 342.5 448 325.5V80C448 53.49 426.5 32 400 32zM64 96h320l-.001 224H320c-17.67 0-32 14.33-32 32v64H64V96z\"><\/path><\/svg>\n\t\t\t\t\t\t\t\t\t<\/span>\n\t\t\t\t\t\t\t<\/div>\n\t\t\t\n\n\n<p class=\"has-text-align-center\" style=\"margin-top:0;margin-bottom:0;padding-top:0;padding-bottom:0\">Artigos e blogs<\/p>\n<\/div>\n\n\n\n<div class=\"wp-block-uagb-container uagb-block-be18639b\">      \n\t\t\t<div class=\"uagb-icon-wrapper uagb-block-9bf7280d\"\n\t\t\tstyle=\"\" >\n\t\t\t\t\t\t\t\t\t<span class=\"uagb-svg-wrapper\" \n\t\t\t\t\t aria-label=\"circle-check\"\t\t\t\t\ttabindex=\"0\">\t\t\n\t\t\t\t\t\t\t\t\t\t<svg xmlns=\"https:\/\/www.w3.org\/2000\/svg\" viewbox= \"0 0 512 512\" role=\"graphics-symbol\" aria-hidden=\"false\" aria-label=\"\"><path d=\"M0 256C0 114.6 114.6 0 256 0C397.4 0 512 114.6 512 256C512 397.4 397.4 512 256 512C114.6 512 0 397.4 0 256zM371.8 211.8C382.7 200.9 382.7 183.1 371.8 172.2C360.9 161.3 343.1 161.3 332.2 172.2L224 280.4L179.8 236.2C168.9 225.3 151.1 225.3 140.2 236.2C129.3 247.1 129.3 264.9 140.2 275.8L204.2 339.8C215.1 350.7 232.9 350.7 243.8 339.8L371.8 211.8z\"><\/path><\/svg>\n\t\t\t\t\t\t\t\t\t<\/span>\n\t\t\t\t\t\t\t<\/div>\n\t\t\t\n\n\n<p class=\"has-text-align-center\" style=\"margin-top:0;margin-bottom:0;padding-top:0;padding-bottom:0\">E muito mais<\/p>\n<\/div>\n<\/div><\/div>\n\n\n\n<div style=\"height:141px\" aria-hidden=\"true\" class=\"wp-block-spacer\"><\/div>\n\n\n\n<div class=\"wp-block-uagb-container uagb-block-c98249c8 alignfull uagb-is-root-container\"><div class=\"uagb-container-inner-blocks-wrap\">\n<h2 class=\"wp-block-heading has-text-align-center\">Inscreva-se na <br>membresia MKI AQUI:<\/h2>\n\n\n\n<div class=\"wp-block-group is-content-justification-center is-nowrap is-layout-flex wp-container-core-group-is-layout-23441af8 wp-block-group-is-layout-flex\">\n<div class=\"wp-block-uagb-container uagb-block-560f71d4\">\n<div class=\"wp-block-uagb-image aligncenter uagb-block-ea6eb9bd wp-block-uagb-image--layout-overlay wp-block-uagb-image--effect-static wp-block-uagb-image--align-center\"><figure class=\"wp-block-uagb-image__figure\"><a class=\"\" href=\"https:\/\/silencioradiante.com\/pt\/sign-up\/\" target=\"\" rel=\"noopener\"><img decoding=\"async\" srcset=\"https:\/\/silencioradiante.com\/wp-content\/uploads\/2025\/12\/gt-1-1024x1024.png ,https:\/\/silencioradiante.com\/wp-content\/uploads\/2025\/12\/gt-1.png 780w, https:\/\/silencioradiante.com\/wp-content\/uploads\/2025\/12\/gt-1.png 360w\" sizes=\"auto, (max-width: 480px) 150px\" src=\"https:\/\/silencioradiante.com\/wp-content\/uploads\/2025\/12\/gt-1-1024x1024.png\" alt=\"\" class=\"uag-image-509\" width=\"1024\" height=\"1024\" title=\"gt\" loading=\"lazy\" role=\"img\"\/><\/a><div class=\"wp-block-uagb-image--layout-overlay__color-wrapper\"><\/div><div class=\"wp-block-uagb-image--layout-overlay__inner center-center\"><a class=\"wp-block-uagb-image--layout-overlay-link\" href=\"https:\/\/silencioradiante.com\/pt\/sign-up\/\" target=\"\" rel=\"noopener\"><\/a><\/div><\/figure><\/div>\n\n\n\n<div class=\"wp-block-buttons alignfull is-content-justification-center is-layout-flex wp-container-core-buttons-is-layout-a89b3969 wp-block-buttons-is-layout-flex\">\n<div class=\"wp-block-button\"><a class=\"wp-block-button__link wp-element-button\" href=\"https:\/\/silencioradiante.com\/pt\/sign-up\/\">Sign Up<\/a><\/div>\n<\/div>\n<\/div>\n\n\n\n<div class=\"wp-block-uagb-container uagb-block-9abe3466\">\n<div class=\"wp-block-uagb-image aligncenter uagb-block-87a5d89a wp-block-uagb-image--layout-overlay wp-block-uagb-image--effect-static wp-block-uagb-image--align-center\"><figure class=\"wp-block-uagb-image__figure\"><a class=\"\" href=\"https:\/\/silencioradiante.com\/pt\/maestros-sign-up\/\" target=\"\" rel=\"noopener\"><img decoding=\"async\" srcset=\"https:\/\/silencioradiante.com\/wp-content\/uploads\/2025\/12\/ml-1024x1024.png ,https:\/\/silencioradiante.com\/wp-content\/uploads\/2025\/12\/ml.png 780w, https:\/\/silencioradiante.com\/wp-content\/uploads\/2025\/12\/ml.png 360w\" sizes=\"auto, (max-width: 480px) 150px\" src=\"https:\/\/silencioradiante.com\/wp-content\/uploads\/2025\/12\/ml-1024x1024.png\" alt=\"\" class=\"uag-image-510\" width=\"1024\" height=\"1024\" title=\"ml\" loading=\"lazy\" role=\"img\"\/><\/a><div class=\"wp-block-uagb-image--layout-overlay__color-wrapper\"><\/div><div class=\"wp-block-uagb-image--layout-overlay__inner center-center\"><a class=\"wp-block-uagb-image--layout-overlay-link\" href=\"https:\/\/silencioradiante.com\/pt\/maestros-sign-up\/\" target=\"\" rel=\"noopener\"><\/a><\/div><\/figure><\/div>\n\n\n\n<div class=\"wp-block-buttons alignfull is-content-justification-center is-layout-flex wp-container-core-buttons-is-layout-a89b3969 wp-block-buttons-is-layout-flex\">\n<div class=\"wp-block-button\"><a class=\"wp-block-button__link wp-element-button\" href=\"https:\/\/silencioradiante.com\/pt\/maestros-sign-up\/\">Registrarse<\/a><\/div>\n<\/div>\n<\/div>\n<\/div>\n<\/div><\/div>\n\n\n\n<div class=\"wp-block-uagb-separator uagb-block-c85b898a wp-block-uagb-separator--text\"><div class=\"uagb-separator-spacing-wrapper\"><div class=\"wp-block-uagb-separator__inner\" style=\"--my-background-image:\"><div class=\"wp-block-uagb-separator-element\"><h1 class=\"uagb-html-tag\">Perguntas frequentes<\/h1><\/div><\/div><\/div><\/div>\n\n\n<div class=\"wp-block-uagb-faq uagb-faq__outer-wrap uagb-block-664f1472 uagb-faq-icon-row-reverse uagb-faq-layout-grid uagb-faq-expand-first-true uagb-faq-inactive-other-true uagb-faq__wrap uagb-buttons-layout-wrap uagb-faq-equal-height\" data-faqtoggle=\"true\" role=\"tablist\"><div class=\"wp-block-uagb-faq-child uagb-faq-child__outer-wrap uagb-faq-item uagb-block-17a91818\" role=\"tab\" tabindex=\"0\"><div class=\"uagb-faq-questions-button uagb-faq-questions\">\t\t\t<span class=\"uagb-icon uagb-faq-icon-wrap\">\n\t\t\t\t\t\t\t\t<svg xmlns=\"https:\/\/www.w3.org\/2000\/svg\" viewbox= \"0 0 448 512\"><path d=\"M432 256c0 17.69-14.33 32.01-32 32.01H256v144c0 17.69-14.33 31.99-32 31.99s-32-14.3-32-31.99v-144H48c-17.67 0-32-14.32-32-32.01s14.33-31.99 32-31.99H192v-144c0-17.69 14.33-32.01 32-32.01s32 14.32 32 32.01v144h144C417.7 224 432 238.3 432 256z\"><\/path><\/svg>\n\t\t\t\t\t\t\t<\/span>\n\t\t\t\t\t\t<span class=\"uagb-icon-active uagb-faq-icon-wrap\">\n\t\t\t\t\t\t\t\t<svg xmlns=\"https:\/\/www.w3.org\/2000\/svg\" viewbox= \"0 0 448 512\"><path d=\"M400 288h-352c-17.69 0-32-14.32-32-32.01s14.31-31.99 32-31.99h352c17.69 0 32 14.3 32 31.99S417.7 288 400 288z\"><\/path><\/svg>\n\t\t\t\t\t\t\t<\/span>\n\t\t\t<span class=\"uagb-question\"><strong>Qual \u00e9 a diferen\u00e7a entre o pagamento anual e o pagamento mensal?<\/strong> <\/span><\/div><div class=\"uagb-faq-content\"><p>Tanto a assinatura mensal quanto a anual oferecem acesso completo ao mesmo conte\u00fado. A \u00fanica diferen\u00e7a \u00e9 a forma de pagamento \u2014 mensalmente ou em um \u00fanico pagamento anual.<br><br>Ao escolher a op\u00e7\u00e3o anual, voc\u00ea recebe um pequeno desconto como forma de agradecimento pelo seu compromisso.<br><br>As assinaturas s\u00e3o renovadas automaticamente, e voc\u00ea pode cancelar a qualquer momento.<\/p><\/div><\/div><div class=\"wp-block-uagb-faq-child uagb-faq-child__outer-wrap uagb-faq-item uagb-block-5dcdd64f\" role=\"tab\" tabindex=\"0\"><div class=\"uagb-faq-questions-button uagb-faq-questions\">\t\t\t<span class=\"uagb-icon uagb-faq-icon-wrap\">\n\t\t\t\t\t\t\t\t<svg xmlns=\"https:\/\/www.w3.org\/2000\/svg\" viewbox= \"0 0 448 512\"><path d=\"M432 256c0 17.69-14.33 32.01-32 32.01H256v144c0 17.69-14.33 31.99-32 31.99s-32-14.3-32-31.99v-144H48c-17.67 0-32-14.32-32-32.01s14.33-31.99 32-31.99H192v-144c0-17.69 14.33-32.01 32-32.01s32 14.32 32 32.01v144h144C417.7 224 432 238.3 432 256z\"><\/path><\/svg>\n\t\t\t\t\t\t\t<\/span>\n\t\t\t\t\t\t<span class=\"uagb-icon-active uagb-faq-icon-wrap\">\n\t\t\t\t\t\t\t\t<svg xmlns=\"https:\/\/www.w3.org\/2000\/svg\" viewbox= \"0 0 448 512\"><path d=\"M400 288h-352c-17.69 0-32-14.32-32-32.01s14.31-31.99 32-31.99h352c17.69 0 32 14.3 32 31.99S417.7 288 400 288z\"><\/path><\/svg>\n\t\t\t\t\t\t\t<\/span>\n\t\t\t<span class=\"uagb-question\"><strong>O que acontece se um webinar mensal for cancelado? <\/strong><\/span><\/div><div class=\"uagb-faq-content\"><p>Se um webinar mensal for cancelado, uma nova data ser\u00e1 oferecida dentro do mesmo m\u00eas ou uma chamada agendada com Priya ou Marichi substituir\u00e1 Maharishi.<\/p><\/div><\/div><div class=\"wp-block-uagb-faq-child uagb-faq-child__outer-wrap uagb-faq-item uagb-block-6d29be12\" role=\"tab\" tabindex=\"0\"><div class=\"uagb-faq-questions-button uagb-faq-questions\">\t\t\t<span class=\"uagb-icon uagb-faq-icon-wrap\">\n\t\t\t\t\t\t\t\t<svg xmlns=\"https:\/\/www.w3.org\/2000\/svg\" viewbox= \"0 0 448 512\"><path d=\"M432 256c0 17.69-14.33 32.01-32 32.01H256v144c0 17.69-14.33 31.99-32 31.99s-32-14.3-32-31.99v-144H48c-17.67 0-32-14.32-32-32.01s14.33-31.99 32-31.99H192v-144c0-17.69 14.33-32.01 32-32.01s32 14.32 32 32.01v144h144C417.7 224 432 238.3 432 256z\"><\/path><\/svg>\n\t\t\t\t\t\t\t<\/span>\n\t\t\t\t\t\t<span class=\"uagb-icon-active uagb-faq-icon-wrap\">\n\t\t\t\t\t\t\t\t<svg xmlns=\"https:\/\/www.w3.org\/2000\/svg\" viewbox= \"0 0 448 512\"><path d=\"M400 288h-352c-17.69 0-32-14.32-32-32.01s14.31-31.99 32-31.99h352c17.69 0 32 14.3 32 31.99S417.7 288 400 288z\"><\/path><\/svg>\n\t\t\t\t\t\t\t<\/span>\n\t\t\t<span class=\"uagb-question\"><strong>Qual \u00e9 o custo da assinatura?<\/strong><\/span><\/div><div class=\"uagb-faq-content\"><p>Definimos o valor da assinatura com base na m\u00e9dia do custo de um Curso da Primeira Esfera no mundo todo, com uma considera\u00e7\u00e3o espec\u00edfica para pa\u00edses de origem latina.<br><br>Por favor, consulte os links na se\u00e7\u00e3o acima para verificar o valor que se aplica a voc\u00ea.<\/p><\/div><\/div><div class=\"wp-block-uagb-faq-child uagb-faq-child__outer-wrap uagb-faq-item uagb-block-f35a54bf\" role=\"tab\" tabindex=\"0\"><div class=\"uagb-faq-questions-button uagb-faq-questions\">\t\t\t<span class=\"uagb-icon uagb-faq-icon-wrap\">\n\t\t\t\t\t\t\t\t<svg xmlns=\"https:\/\/www.w3.org\/2000\/svg\" viewbox= \"0 0 448 512\"><path d=\"M432 256c0 17.69-14.33 32.01-32 32.01H256v144c0 17.69-14.33 31.99-32 31.99s-32-14.3-32-31.99v-144H48c-17.67 0-32-14.32-32-32.01s14.33-31.99 32-31.99H192v-144c0-17.69 14.33-32.01 32-32.01s32 14.32 32 32.01v144h144C417.7 224 432 238.3 432 256z\"><\/path><\/svg>\n\t\t\t\t\t\t\t<\/span>\n\t\t\t\t\t\t<span class=\"uagb-icon-active uagb-faq-icon-wrap\">\n\t\t\t\t\t\t\t\t<svg xmlns=\"https:\/\/www.w3.org\/2000\/svg\" viewbox= \"0 0 448 512\"><path d=\"M400 288h-352c-17.69 0-32-14.32-32-32.01s14.31-31.99 32-31.99h352c17.69 0 32 14.3 32 31.99S417.7 288 400 288z\"><\/path><\/svg>\n\t\t\t\t\t\t\t<\/span>\n\t\t\t<span class=\"uagb-question\"><strong>Como fa\u00e7o para acessar os recursos da minha membresia?<\/strong><\/span><\/div><div class=\"uagb-faq-content\"><p>Una vez que completes tu registro y el pago sea exitoso, ser\u00e1s redirigido(a) a tu p\u00e1gina de membres\u00eda.<br>Voc\u00ea tamb\u00e9m receber\u00e1 um e-mail de confirma\u00e7\u00e3o com o link de acesso para refer\u00eancia futura.<br><br>Guarde seu link de acesso, nome de usu\u00e1rio e senha, pois voc\u00ea precisar\u00e1 dessas informa\u00e7\u00f5es para entrar na sua p\u00e1gina de membresia no futuro. Tamb\u00e9m recomendamos adicionar sua p\u00e1gina de membresia aos favoritos do navegador para facilitar o acesso.<br><br>Todos os links dos webinars, agendas, replays e recursos adicionais est\u00e3o dispon\u00edveis exclusivamente dentro da \u00e1rea de membros e n\u00e3o ser\u00e3o enviados por e-mails ou mensagens de texto separadas.<\/p><\/div><\/div><\/div>\n\n\n<div style=\"height:100px\" aria-hidden=\"true\" class=\"wp-block-spacer\"><\/div>\n\n\n\t\t\t\t<div class = \"wp-block-uagb-lottie\">\n\t\t\t\t\t<div class = \"uagb-block-06f91402 uagb-lottie__outer-wrap uagb-lottie__center\" style=\"\">\n\t\t\t\t\t<\/div>\n\t\t\t\t<\/div>\n\t\t\t\n\n\n<div class=\"wp-block-uagb-separator uagb-block-9d90a819 wp-block-uagb-separator--text\"><div class=\"uagb-separator-spacing-wrapper\"><div class=\"wp-block-uagb-separator__inner\" style=\"--my-background-image:\"><div class=\"wp-block-uagb-separator-element\"><h4 class=\"uagb-html-tag\">Assista e aproveite<\/h4><\/div><\/div><\/div><\/div>","protected":false},"excerpt":{"rendered":"<p>A yearly subscription to the teaching of MKI gives you ongoing access to guidance and support throughout the year. It [&hellip;]<\/p>\n","protected":false},"author":1,"featured_media":0,"parent":0,"menu_order":0,"comment_status":"closed","ping_status":"closed","template":"","meta":{"_uag_custom_page_level_css":"","site-sidebar-layout":"default","site-content-layout":"","ast-site-content-layout":"default","site-content-style":"default","site-sidebar-style":"default","ast-global-header-display":"","ast-banner-title-visibility":"","ast-main-header-display":"","ast-hfb-above-header-display":"","ast-hfb-below-header-display":"","ast-hfb-mobile-header-display":"","site-post-title":"disabled","ast-breadcrumbs-content":"","ast-featured-img":"","footer-sml-layout":"","ast-disable-related-posts":"","theme-transparent-header-meta":"","adv-header-id-meta":"","stick-header-meta":"","header-above-stick-meta":"","header-main-stick-meta":"","header-below-stick-meta":"","astra-migrate-meta-layouts":"default","ast-page-background-enabled":"default","ast-page-background-meta":{"desktop":{"background-color":"var(--ast-global-color-5)","background-image":"","background-repeat":"repeat","background-position":"center center","background-size":"auto","background-attachment":"scroll","background-type":"","background-media":"","overlay-type":"","overlay-color":"","overlay-opacity":"","overlay-gradient":""},"tablet":{"background-color":"","background-image":"","background-repeat":"repeat","background-position":"center center","background-size":"auto","background-attachment":"scroll","background-type":"","background-media":"","overlay-type":"","overlay-color":"","overlay-opacity":"","overlay-gradient":""},"mobile":{"background-color":"","background-image":"","background-repeat":"repeat","background-position":"center center","background-size":"auto","background-attachment":"scroll","background-type":"","background-media":"","overlay-type":"","overlay-color":"","overlay-opacity":"","overlay-gradient":""}},"ast-content-background-meta":{"desktop":{"background-color":"var(--ast-global-color-4)","background-image":"","background-repeat":"repeat","background-position":"center center","background-size":"auto","background-attachment":"scroll","background-type":"","background-media":"","overlay-type":"","overlay-color":"","overlay-opacity":"","overlay-gradient":""},"tablet":{"background-color":"var(--ast-global-color-4)","background-image":"","background-repeat":"repeat","background-position":"center center","background-size":"auto","background-attachment":"scroll","background-type":"","background-media":"","overlay-type":"","overlay-color":"","overlay-opacity":"","overlay-gradient":""},"mobile":{"background-color":"var(--ast-global-color-4)","background-image":"","background-repeat":"repeat","background-position":"center center","background-size":"auto","background-attachment":"scroll","background-type":"","background-media":"","overlay-type":"","overlay-color":"","overlay-opacity":"","overlay-gradient":""}},"footnotes":""},"class_list":["post-91","page","type-page","status-publish","hentry"],"uagb_featured_image_src":{"full":false,"thumbnail":false,"medium":false,"medium_large":false,"large":false,"1536x1536":false,"2048x2048":false,"trp-custom-language-flag":false,"mailpoet_newsletter_max":false},"uagb_author_info":{"display_name":"priya.ishaya@gmail.com","author_link":"https:\/\/silencioradiante.com\/pt\/author\/priya-ishayagmail-com\/"},"uagb_comment_info":0,"uagb_excerpt":"A yearly subscription to the teaching of MKI gives you ongoing access to guidance and support throughout the year. It [&hellip;]","_links":{"self":[{"href":"https:\/\/silencioradiante.com\/pt\/wp-json\/wp\/v2\/pages\/91","targetHints":{"allow":["GET"]}}],"collection":[{"href":"https:\/\/silencioradiante.com\/pt\/wp-json\/wp\/v2\/pages"}],"about":[{"href":"https:\/\/silencioradiante.com\/pt\/wp-json\/wp\/v2\/types\/page"}],"author":[{"embeddable":true,"href":"https:\/\/silencioradiante.com\/pt\/wp-json\/wp\/v2\/users\/1"}],"replies":[{"embeddable":true,"href":"https:\/\/silencioradiante.com\/pt\/wp-json\/wp\/v2\/comments?post=91"}],"version-history":[{"count":57,"href":"https:\/\/silencioradiante.com\/pt\/wp-json\/wp\/v2\/pages\/91\/revisions"}],"predecessor-version":[{"id":1020,"href":"https:\/\/silencioradiante.com\/pt\/wp-json\/wp\/v2\/pages\/91\/revisions\/1020"}],"wp:attachment":[{"href":"https:\/\/silencioradiante.com\/pt\/wp-json\/wp\/v2\/media?parent=91"}],"curies":[{"name":"wp","href":"https:\/\/api.w.org\/{rel}","templated":true}]}}