{"id":293,"date":"2025-11-21T10:27:17","date_gmt":"2025-11-21T09:27:17","guid":{"rendered":"https:\/\/silencioradiante.com\/?page_id=293"},"modified":"2026-01-14T20:58:48","modified_gmt":"2026-01-14T19:58:48","slug":"about","status":"publish","type":"page","link":"https:\/\/silencioradiante.com\/pt\/about\/","title":{"rendered":"Sobre N\u00f3s"},"content":{"rendered":"<div class=\"wp-block-cover alignfull\" style=\"margin-top:0;margin-bottom:var(--wp--preset--spacing--70)\"><img loading=\"lazy\" decoding=\"async\" width=\"1024\" height=\"290\" class=\"wp-block-cover__image-background wp-image-129 size-large\" alt=\"\" src=\"https:\/\/silencioradiante.com\/wp-content\/uploads\/2025\/11\/Small-Banner-01-1024x290.jpg\" data-object-fit=\"cover\" srcset=\"https:\/\/silencioradiante.com\/wp-content\/uploads\/2025\/11\/Small-Banner-01-1024x290.jpg 1024w, https:\/\/silencioradiante.com\/wp-content\/uploads\/2025\/11\/Small-Banner-01-300x85.jpg 300w, https:\/\/silencioradiante.com\/wp-content\/uploads\/2025\/11\/Small-Banner-01-768x217.jpg 768w, https:\/\/silencioradiante.com\/wp-content\/uploads\/2025\/11\/Small-Banner-01-1536x434.jpg 1536w, https:\/\/silencioradiante.com\/wp-content\/uploads\/2025\/11\/Small-Banner-01.jpg 1920w\" sizes=\"auto, (max-width: 1024px) 100vw, 1024px\" \/><span aria-hidden=\"true\" class=\"wp-block-cover__background has-background-dim-0 has-background-dim\" style=\"background-color:#84756b\"><\/span><div class=\"wp-block-cover__inner-container is-layout-constrained wp-block-cover-is-layout-constrained\">\n<h2 class=\"wp-block-heading has-text-align-center has-large-font-size\">Sobre N\u00f3s<\/h2>\n<\/div><\/div>\n\n\n\n<div class=\"wp-block-uagb-separator uagb-block-7b037c6e wp-block-uagb-separator--text\"><div class=\"uagb-separator-spacing-wrapper\"><div class=\"wp-block-uagb-separator__inner\" style=\"--my-background-image:\"><div class=\"wp-block-uagb-separator-element\"><h3 class=\"uagb-html-tag\">Silencio Radiante<\/h3><\/div><\/div><\/div><\/div>\n\n\n\n<div class=\"wp-block-media-text is-stacked-on-mobile is-vertically-aligned-center\" style=\"margin-bottom:var(--wp--preset--spacing--60);grid-template-columns:27% auto\"><figure class=\"wp-block-media-text__media\"><img loading=\"lazy\" decoding=\"async\" width=\"580\" height=\"580\" src=\"https:\/\/silencioradiante.com\/wp-content\/uploads\/2026\/01\/Logo-color.png\" alt=\"\" class=\"wp-image-977 size-full\" srcset=\"https:\/\/silencioradiante.com\/wp-content\/uploads\/2026\/01\/Logo-color.png 580w, https:\/\/silencioradiante.com\/wp-content\/uploads\/2026\/01\/Logo-color-300x300.png 300w, https:\/\/silencioradiante.com\/wp-content\/uploads\/2026\/01\/Logo-color-150x150.png 150w, https:\/\/silencioradiante.com\/wp-content\/uploads\/2026\/01\/Logo-color-12x12.png 12w\" sizes=\"auto, (max-width: 580px) 100vw, 580px\" \/><\/figure><div class=\"wp-block-media-text__content\">\n<p>Este espa\u00e7o existe por uma \u00fanica raz\u00e3o: o reconhecimento direto do que voc\u00ea realmente \u00e9.<\/p>\n\n\n\n<p>Enraizado no Ensinamento dos Ishayas do The Bright Path, este trabalho n\u00e3o tem como objetivo melhorar o eu, curar a personalidade ou construir uma vers\u00e3o melhor de voc\u00ea. Ele aponta para al\u00e9m do esfor\u00e7o, para al\u00e9m de consertar, para al\u00e9m de se tornar \u2014 em dire\u00e7\u00e3o \u00e0 verdade simples e \u00f3bvia da pr\u00f3pria Consci\u00eancia.<\/p>\n\n\n\n<p>O que \u00e9 oferecido aqui n\u00e3o \u00e9 filosofia, cren\u00e7a ou desenvolvimento pessoal. \u00c9 um caminho vivido e pr\u00e1tico de Despertar \u2014 um meio de dissolver a experi\u00eancia de separa\u00e7\u00e3o e redescobrir a Consci\u00eancia radiante que voc\u00ea j\u00e1 \u00e9.<\/p>\n<\/div><\/div>\n\n\n\n<div class=\"wp-block-uagb-separator uagb-block-2b9d1517 wp-block-uagb-separator--text\"><div class=\"uagb-separator-spacing-wrapper\"><div class=\"wp-block-uagb-separator__inner\" style=\"--my-background-image:\"><div class=\"wp-block-uagb-separator-element\"><h3 class=\"uagb-html-tag\">Krishnananda Ishaya<\/h3><\/div><\/div><\/div><\/div>\n\n\n\n<div class=\"wp-block-media-text has-media-on-the-right is-stacked-on-mobile\" style=\"margin-bottom:var(--wp--preset--spacing--60);grid-template-columns:auto 34%\"><div class=\"wp-block-media-text__content\">\n<p>Krishnananda \u00e9 um Professor contempor\u00e2neo dentro da linhagem conhecida como os Ishayas. Ele \u00e9 amplamente reconhecido por apresentar os Ensinamentos dos Ishayas de forma direta, disciplinada e experiencial, enfatizando a realiza\u00e7\u00e3o vivida em vez da filosofia ou da cren\u00e7a.<\/p>\n\n\n\n<p>Sua instru\u00e7\u00e3o se concentra em t\u00e9cnicas simples, por\u00e9m rigorosas, projetadas para dissolver o estresse, estabilizar a consci\u00eancia e esclarecer o reconhecimento da quietude que j\u00e1 est\u00e1 presente. Os estudantes frequentemente descrevem sua abordagem como inflex\u00edvel, por\u00e9m precisa: pouca abstra\u00e7\u00e3o, repeti\u00e7\u00e3o constante e uma insist\u00eancia firme na responsabilidade pessoal pela pr\u00e1tica.<\/p>\n\n\n\n<p>Krishnananda tamb\u00e9m \u00e9 conhecido por manter um perfil p\u00fablico relativamente discreto em compara\u00e7\u00e3o com alguns professores modernos. Grande parte de seu trabalho aconteceu por meio de retiros presenciais, relacionamentos de longo prazo com estudantes e transmiss\u00e3o boca a boca, em vez de grandes plataformas midi\u00e1ticas. Isso refor\u00e7ou uma din\u00e2mica tradicional professor\u2013aluno, focada na continuidade e na profundidade.<\/p>\n<\/div><figure class=\"wp-block-media-text__media\"><img loading=\"lazy\" decoding=\"async\" width=\"747\" height=\"747\" src=\"https:\/\/silencioradiante.com\/wp-content\/uploads\/2025\/11\/MKI.png\" alt=\"\" class=\"wp-image-171 size-full\" srcset=\"https:\/\/silencioradiante.com\/wp-content\/uploads\/2025\/11\/MKI.png 747w, https:\/\/silencioradiante.com\/wp-content\/uploads\/2025\/11\/MKI-300x300.png 300w, https:\/\/silencioradiante.com\/wp-content\/uploads\/2025\/11\/MKI-150x150.png 150w\" sizes=\"auto, (max-width: 747px) 100vw, 747px\" \/><\/figure><\/div>\n\n\n\n<div class=\"wp-block-uagb-separator uagb-block-211c98dd wp-block-uagb-separator--text\"><div class=\"uagb-separator-spacing-wrapper\"><div class=\"wp-block-uagb-separator__inner\" style=\"--my-background-image:\"><div class=\"wp-block-uagb-separator-element\"><h3 class=\"uagb-html-tag\">O Ensinamento dos Ishayas<\/h3><\/div><\/div><\/div><\/div>\n\n\n\n<div class=\"wp-block-media-text is-stacked-on-mobile\" style=\"grid-template-columns:36% auto\"><figure class=\"wp-block-media-text__media\"><img loading=\"lazy\" decoding=\"async\" width=\"1024\" height=\"1024\" src=\"https:\/\/silencioradiante.com\/wp-content\/uploads\/2026\/01\/MK_mountains-1024x1024.png\" alt=\"\" class=\"wp-image-1007 size-full\" srcset=\"https:\/\/silencioradiante.com\/wp-content\/uploads\/2026\/01\/MK_mountains-1024x1024.png 1024w, https:\/\/silencioradiante.com\/wp-content\/uploads\/2026\/01\/MK_mountains-300x300.png 300w, https:\/\/silencioradiante.com\/wp-content\/uploads\/2026\/01\/MK_mountains-150x150.png 150w, https:\/\/silencioradiante.com\/wp-content\/uploads\/2026\/01\/MK_mountains-768x768.png 768w, https:\/\/silencioradiante.com\/wp-content\/uploads\/2026\/01\/MK_mountains-12x12.png 12w, https:\/\/silencioradiante.com\/wp-content\/uploads\/2026\/01\/MK_mountains.png 1080w\" sizes=\"auto, (max-width: 1024px) 100vw, 1024px\" \/><\/figure><div class=\"wp-block-media-text__content\">\n<p>O Ensinamento dos Ishayas \u00e9 radicalmente simples e inflex\u00edvel.<\/p>\n\n\n\n<p>Ele n\u00e3o promete uma vida melhor no futuro. Revela o que j\u00e1 \u00e9 inteiro, presente e completo \u2014 aqui e agora.<\/p>\n\n\n\n<p>Por meio de pr\u00e1ticas sem esfor\u00e7o, com os olhos fechados, e orienta\u00e7\u00e3o direta, a Ascens\u00e3o permite que o sistema nervoso libere o estresse e as identifica\u00e7\u00f5es profundamente arraigadas. \u00c0 medida que esse estresse se dissolve, a consci\u00eancia retorna naturalmente a si mesma. A paz deixa de ser algo a ser alcan\u00e7ado; torna-se o fundamento a partir do qual a vida \u00e9 vivida.<\/p>\n\n\n\n<p>N\u00e3o se trata de se afastar do mundo. Trata-se de encontrar a vida a partir da clareza em vez do medo, da presen\u00e7a em vez do h\u00e1bito, do amor em vez da busca.<\/p>\n\n\n\n<div class=\"wp-block-buttons is-layout-flex wp-block-buttons-is-layout-flex\">\n<div class=\"wp-block-button is-style-outline is-style-outline--1\"><a class=\"wp-block-button__link wp-element-button\" href=\"https:\/\/www.thebrightpath.com\/en\/\">Mais informa\u00e7\u00f5es<\/a><\/div>\n<\/div>\n<\/div><\/div>\n\n\n\n<div style=\"height:350px\" aria-hidden=\"true\" class=\"wp-block-spacer\"><\/div>","protected":false},"excerpt":{"rendered":"<p>This space exists for one reason: The direct recognition of what you truly are. Rooted in the Teaching of The [&hellip;]<\/p>\n","protected":false},"author":1,"featured_media":0,"parent":0,"menu_order":0,"comment_status":"closed","ping_status":"closed","template":"","meta":{"_uag_custom_page_level_css":"","site-sidebar-layout":"default","site-content-layout":"","ast-site-content-layout":"default","site-content-style":"default","site-sidebar-style":"default","ast-global-header-display":"","ast-banner-title-visibility":"","ast-main-header-display":"","ast-hfb-above-header-display":"","ast-hfb-below-header-display":"","ast-hfb-mobile-header-display":"","site-post-title":"disabled","ast-breadcrumbs-content":"","ast-featured-img":"","footer-sml-layout":"","ast-disable-related-posts":"","theme-transparent-header-meta":"","adv-header-id-meta":"","stick-header-meta":"","header-above-stick-meta":"","header-main-stick-meta":"","header-below-stick-meta":"","astra-migrate-meta-layouts":"default","ast-page-background-enabled":"default","ast-page-background-meta":{"desktop":{"background-color":"var(--ast-global-color-5)","background-image":"","background-repeat":"repeat","background-position":"center center","background-size":"auto","background-attachment":"scroll","background-type":"","background-media":"","overlay-type":"","overlay-color":"","overlay-opacity":"","overlay-gradient":""},"tablet":{"background-color":"","background-image":"","background-repeat":"repeat","background-position":"center center","background-size":"auto","background-attachment":"scroll","background-type":"","background-media":"","overlay-type":"","overlay-color":"","overlay-opacity":"","overlay-gradient":""},"mobile":{"background-color":"","background-image":"","background-repeat":"repeat","background-position":"center center","background-size":"auto","background-attachment":"scroll","background-type":"","background-media":"","overlay-type":"","overlay-color":"","overlay-opacity":"","overlay-gradient":""}},"ast-content-background-meta":{"desktop":{"background-color":"var(--ast-global-color-4)","background-image":"","background-repeat":"repeat","background-position":"center center","background-size":"auto","background-attachment":"scroll","background-type":"","background-media":"","overlay-type":"","overlay-color":"","overlay-opacity":"","overlay-gradient":""},"tablet":{"background-color":"var(--ast-global-color-4)","background-image":"","background-repeat":"repeat","background-position":"center center","background-size":"auto","background-attachment":"scroll","background-type":"","background-media":"","overlay-type":"","overlay-color":"","overlay-opacity":"","overlay-gradient":""},"mobile":{"background-color":"var(--ast-global-color-4)","background-image":"","background-repeat":"repeat","background-position":"center center","background-size":"auto","background-attachment":"scroll","background-type":"","background-media":"","overlay-type":"","overlay-color":"","overlay-opacity":"","overlay-gradient":""}},"footnotes":""},"class_list":["post-293","page","type-page","status-publish","hentry"],"uagb_featured_image_src":{"full":false,"thumbnail":false,"medium":false,"medium_large":false,"large":false,"1536x1536":false,"2048x2048":false,"trp-custom-language-flag":false,"mailpoet_newsletter_max":false},"uagb_author_info":{"display_name":"priya.ishaya@gmail.com","author_link":"https:\/\/silencioradiante.com\/pt\/author\/priya-ishayagmail-com\/"},"uagb_comment_info":0,"uagb_excerpt":"This space exists for one reason: The direct recognition of what you truly are. Rooted in the Teaching of The [&hellip;]","_links":{"self":[{"href":"https:\/\/silencioradiante.com\/pt\/wp-json\/wp\/v2\/pages\/293","targetHints":{"allow":["GET"]}}],"collection":[{"href":"https:\/\/silencioradiante.com\/pt\/wp-json\/wp\/v2\/pages"}],"about":[{"href":"https:\/\/silencioradiante.com\/pt\/wp-json\/wp\/v2\/types\/page"}],"author":[{"embeddable":true,"href":"https:\/\/silencioradiante.com\/pt\/wp-json\/wp\/v2\/users\/1"}],"replies":[{"embeddable":true,"href":"https:\/\/silencioradiante.com\/pt\/wp-json\/wp\/v2\/comments?post=293"}],"version-history":[{"count":19,"href":"https:\/\/silencioradiante.com\/pt\/wp-json\/wp\/v2\/pages\/293\/revisions"}],"predecessor-version":[{"id":1122,"href":"https:\/\/silencioradiante.com\/pt\/wp-json\/wp\/v2\/pages\/293\/revisions\/1122"}],"wp:attachment":[{"href":"https:\/\/silencioradiante.com\/pt\/wp-json\/wp\/v2\/media?parent=293"}],"curies":[{"name":"wp","href":"https:\/\/api.w.org\/{rel}","templated":true}]}}