{"id":968,"date":"2026-01-06T14:30:08","date_gmt":"2026-01-06T13:30:08","guid":{"rendered":"https:\/\/silencioradiante.com\/?page_id=968"},"modified":"2026-01-06T17:50:09","modified_gmt":"2026-01-06T16:50:09","slug":"login","status":"publish","type":"page","link":"https:\/\/silencioradiante.com\/es\/login\/","title":{"rendered":"Login"},"content":{"rendered":"<div class=\"wp-block-cover alignfull\" style=\"margin-top:0;margin-bottom:var(--wp--preset--spacing--70)\"><img loading=\"lazy\" decoding=\"async\" width=\"1024\" height=\"290\" class=\"wp-block-cover__image-background wp-image-129 size-large\" alt=\"\" src=\"https:\/\/silencioradiante.com\/wp-content\/uploads\/2025\/11\/Small-Banner-01-1024x290.jpg\" data-object-fit=\"cover\" srcset=\"https:\/\/silencioradiante.com\/wp-content\/uploads\/2025\/11\/Small-Banner-01-1024x290.jpg 1024w, https:\/\/silencioradiante.com\/wp-content\/uploads\/2025\/11\/Small-Banner-01-300x85.jpg 300w, https:\/\/silencioradiante.com\/wp-content\/uploads\/2025\/11\/Small-Banner-01-768x217.jpg 768w, https:\/\/silencioradiante.com\/wp-content\/uploads\/2025\/11\/Small-Banner-01-1536x434.jpg 1536w, https:\/\/silencioradiante.com\/wp-content\/uploads\/2025\/11\/Small-Banner-01.jpg 1920w\" sizes=\"auto, (max-width: 1024px) 100vw, 1024px\" \/><span aria-hidden=\"true\" class=\"wp-block-cover__background has-background-dim-0 has-background-dim\" style=\"background-color:#84756b\"><\/span><div class=\"wp-block-cover__inner-container is-layout-constrained wp-block-cover-is-layout-constrained\">\n<h2 class=\"wp-block-heading has-text-align-center has-large-font-size\">Log into your Silencio Radiante Account<\/h2>\n<\/div><\/div>\n\n\n\n<div id=\"mepro-login-hero\" class=\"\">\n  <div class=\"mepro-boxed\">\n    <div class=\"mepro-login-contents\">\n\n\n            \n      <div id=\"mepr-template-login\" class=\"mp_wrapper mp_login_form\">\n                                                <!-- mp-login-form-start -->\n                                                  <form name=\"mepr_loginform\" id=\"mepr_loginform\" class=\"mepro-form\" action=\"https:\/\/silencioradiante.com\/es\/login\/\" method=\"post\" data-trp-original-action=\"https:\/\/silencioradiante.com\/es\/login\/\">\n\n            <h1>Inicio de sesi\u00f3n<\/h1>\n\n\n                        <div class=\"mp-form-row mepr_username\">\n              <div class=\"mp-form-label\">\n                                                <label for=\"user_login\" class=\"placeholder-text\">Nombre de usuario<\/label>\n              <\/div>\n              <input type=\"text\" name=\"log\" required id=\"user_login\" aria-describedby=\"mepr_error_msg\"  value=\"\" \/>\n            <\/div>\n            <div class=\"mp-form-row mepr_password\">\n              <div class=\"mp-form-label\">\n                <label for=\"user_pass\" class=\"placeholder-text\">Contrase\u00f1a<\/label>\n                <div class=\"mp-hide-pw\">\n                  <input type=\"password\" name=\"pwd\" required id=\"user_pass\" aria-describedby=\"mepr_error_msg\"  value=\"\" \/>\n                  <button type=\"button\" class=\"button link mp-hide-pw hide-if-no-js\" data-toggle=\"0\" aria-label=\"Mostrar la contrase\u00f1a\">\n                    <span class=\"dashicons dashicons-visibility\" aria-hidden=\"true\"><\/span>\n                  <\/button>\n                <\/div>\n              <\/div>\n            <\/div>\n                        <div class=\"mp-form-row mepr_remember_me\">\n              <input name=\"rememberme\" type=\"checkbox\" id=\"rememberme\" value=\"forever\"  \/>\n              <label for=\"rememberme\">Recu\u00e9rdame<\/label>\n\n            <\/div>\n            <div class=\"mp-spacer\">&nbsp;<\/div>\n            <div class=\"submit\">\n              <input type=\"submit\" name=\"wp-submit\" id=\"wp-submit\" class=\"button-primary mepr-share-button\" value=\"Acceder\" \/>\n              <input type=\"hidden\" name=\"redirect_to\" value=\"\/es\/wp-json\/wp\/v2\/pages\/968\" \/>\n              <input type=\"hidden\" name=\"mepr_process_login_form\" value=\"true\" \/>\n              <input type=\"hidden\" name=\"mepr_is_login_page\" value=\"false\" \/>\n            <\/div>\n          <input type=\"hidden\" name=\"trp-form-language\" value=\"es\"\/><\/form>\n          <div class=\"mp-spacer\">&nbsp;<\/div>\n          <div class=\"mepr-login-actions\">\n            <a\n              href=\"https:\/\/silencioradiante.com\/es\/login\/?action=forgot_password\"\n              title=\"Click here to reset your password\"\n            >\n              Forgot Password?            <\/a>\n          <\/div>\n                      <!-- mp-login-form-end -->\n            \n              <\/div>\n\n    <\/div>\n      <\/div>\n<\/div>\n\n\n\n<div style=\"height:100px\" aria-hidden=\"true\" class=\"wp-block-spacer\"><\/div>\n\n\n\t\t\t\t<div class = \"wp-block-uagb-lottie\">\n\t\t\t\t\t<div class = \"uagb-block-06f91402 uagb-lottie__outer-wrap uagb-lottie__center\" style=\"\">\n\t\t\t\t\t<\/div>\n\t\t\t\t<\/div>\n\t\t\t\n\n\n<div class=\"wp-block-uagb-separator uagb-block-9d90a819 wp-block-uagb-separator--text\"><div class=\"uagb-separator-spacing-wrapper\"><div class=\"wp-block-uagb-separator__inner\" style=\"--my-background-image:\"><div class=\"wp-block-uagb-separator-element\"><h4 class=\"uagb-html-tag\">Observa y disfruta<\/h4><\/div><\/div><\/div><\/div>\n\n<div id=\"mepro-login-hero\" class=\"\">\n  <div class=\"mepro-boxed\">\n    <div class=\"mepro-login-contents\">\n\n\n            \n      <div id=\"mepr-template-login\" class=\"mp_wrapper mp_login_form\">\n                                                <!-- mp-login-form-start -->\n                                                  <form name=\"mepr_loginform\" id=\"mepr_loginform\" class=\"mepro-form\" action=\"https:\/\/silencioradiante.com\/es\/login\/\" method=\"post\" data-trp-original-action=\"https:\/\/silencioradiante.com\/es\/login\/\">\n\n            <h1>Inicio de sesi\u00f3n<\/h1>\n\n\n                        <div class=\"mp-form-row mepr_username\">\n              <div class=\"mp-form-label\">\n                                                <label for=\"user_login\" class=\"placeholder-text\">Nombre de usuario<\/label>\n              <\/div>\n              <input type=\"text\" name=\"log\" required id=\"user_login\" aria-describedby=\"mepr_error_msg\"  value=\"\" \/>\n            <\/div>\n            <div class=\"mp-form-row mepr_password\">\n              <div class=\"mp-form-label\">\n                <label for=\"user_pass\" class=\"placeholder-text\">Contrase\u00f1a<\/label>\n                <div class=\"mp-hide-pw\">\n                  <input type=\"password\" name=\"pwd\" required id=\"user_pass\" aria-describedby=\"mepr_error_msg\"  value=\"\" \/>\n                  <button type=\"button\" class=\"button link mp-hide-pw hide-if-no-js\" data-toggle=\"0\" aria-label=\"Mostrar la contrase\u00f1a\">\n                    <span class=\"dashicons dashicons-visibility\" aria-hidden=\"true\"><\/span>\n                  <\/button>\n                <\/div>\n              <\/div>\n            <\/div>\n                        <div class=\"mp-form-row mepr_remember_me\">\n              <input name=\"rememberme\" type=\"checkbox\" id=\"rememberme\" value=\"forever\"  \/>\n              <label for=\"rememberme\">Recu\u00e9rdame<\/label>\n\n            <\/div>\n            <div class=\"mp-spacer\">&nbsp;<\/div>\n            <div class=\"submit\">\n              <input type=\"submit\" name=\"wp-submit\" id=\"wp-submit\" class=\"button-primary mepr-share-button\" value=\"Acceder\" \/>\n              <input type=\"hidden\" name=\"redirect_to\" value=\"https:\/\/silencioradiante.com\/mainpage\" \/>\n              <input type=\"hidden\" name=\"mepr_process_login_form\" value=\"true\" \/>\n              <input type=\"hidden\" name=\"mepr_is_login_page\" value=\"false\" \/>\n            <\/div>\n          <input type=\"hidden\" name=\"trp-form-language\" value=\"es\"\/><\/form>\n          <div class=\"mp-spacer\">&nbsp;<\/div>\n          <div class=\"mepr-login-actions\">\n            <a\n              href=\"https:\/\/silencioradiante.com\/es\/login\/?action=forgot_password\"\n              title=\"Click here to reset your password\"\n            >\n              Forgot Password?            <\/a>\n          <\/div>\n                      <!-- mp-login-form-end -->\n            \n              <\/div>\n\n    <\/div>\n      <\/div>\n<\/div>","protected":false},"excerpt":{"rendered":"<p>Inicio de sesi\u00f3n Nombre de usuario Contrase\u00f1a Recu\u00e9rdame &nbsp; &nbsp; Forgot Password?<\/p>","protected":false},"author":1,"featured_media":0,"parent":0,"menu_order":0,"comment_status":"closed","ping_status":"closed","template":"","meta":{"_uag_custom_page_level_css":"","site-sidebar-layout":"default","site-content-layout":"","ast-site-content-layout":"default","site-content-style":"default","site-sidebar-style":"default","ast-global-header-display":"","ast-banner-title-visibility":"","ast-main-header-display":"","ast-hfb-above-header-display":"","ast-hfb-below-header-display":"","ast-hfb-mobile-header-display":"","site-post-title":"disabled","ast-breadcrumbs-content":"","ast-featured-img":"","footer-sml-layout":"","ast-disable-related-posts":"","theme-transparent-header-meta":"","adv-header-id-meta":"","stick-header-meta":"","header-above-stick-meta":"","header-main-stick-meta":"","header-below-stick-meta":"","astra-migrate-meta-layouts":"default","ast-page-background-enabled":"default","ast-page-background-meta":{"desktop":{"background-color":"var(--ast-global-color-5)","background-image":"","background-repeat":"repeat","background-position":"center center","background-size":"auto","background-attachment":"scroll","background-type":"","background-media":"","overlay-type":"","overlay-color":"","overlay-opacity":"","overlay-gradient":""},"tablet":{"background-color":"","background-image":"","background-repeat":"repeat","background-position":"center center","background-size":"auto","background-attachment":"scroll","background-type":"","background-media":"","overlay-type":"","overlay-color":"","overlay-opacity":"","overlay-gradient":""},"mobile":{"background-color":"","background-image":"","background-repeat":"repeat","background-position":"center center","background-size":"auto","background-attachment":"scroll","background-type":"","background-media":"","overlay-type":"","overlay-color":"","overlay-opacity":"","overlay-gradient":""}},"ast-content-background-meta":{"desktop":{"background-color":"var(--ast-global-color-4)","background-image":"","background-repeat":"repeat","background-position":"center center","background-size":"auto","background-attachment":"scroll","background-type":"","background-media":"","overlay-type":"","overlay-color":"","overlay-opacity":"","overlay-gradient":""},"tablet":{"background-color":"var(--ast-global-color-4)","background-image":"","background-repeat":"repeat","background-position":"center center","background-size":"auto","background-attachment":"scroll","background-type":"","background-media":"","overlay-type":"","overlay-color":"","overlay-opacity":"","overlay-gradient":""},"mobile":{"background-color":"var(--ast-global-color-4)","background-image":"","background-repeat":"repeat","background-position":"center center","background-size":"auto","background-attachment":"scroll","background-type":"","background-media":"","overlay-type":"","overlay-color":"","overlay-opacity":"","overlay-gradient":""}},"footnotes":""},"class_list":["post-968","page","type-page","status-publish","hentry"],"uagb_featured_image_src":{"full":false,"thumbnail":false,"medium":false,"medium_large":false,"large":false,"1536x1536":false,"2048x2048":false,"trp-custom-language-flag":false,"mailpoet_newsletter_max":false},"uagb_author_info":{"display_name":"priya.ishaya@gmail.com","author_link":"https:\/\/silencioradiante.com\/es\/author\/priya-ishayagmail-com\/"},"uagb_comment_info":0,"uagb_excerpt":"Inicio de sesi\u00f3n Nombre de usuario Contrase\u00f1a Recu\u00e9rdame &nbsp; &nbsp; Forgot Password?","_links":{"self":[{"href":"https:\/\/silencioradiante.com\/es\/wp-json\/wp\/v2\/pages\/968","targetHints":{"allow":["GET"]}}],"collection":[{"href":"https:\/\/silencioradiante.com\/es\/wp-json\/wp\/v2\/pages"}],"about":[{"href":"https:\/\/silencioradiante.com\/es\/wp-json\/wp\/v2\/types\/page"}],"author":[{"embeddable":true,"href":"https:\/\/silencioradiante.com\/es\/wp-json\/wp\/v2\/users\/1"}],"replies":[{"embeddable":true,"href":"https:\/\/silencioradiante.com\/es\/wp-json\/wp\/v2\/comments?post=968"}],"version-history":[{"count":2,"href":"https:\/\/silencioradiante.com\/es\/wp-json\/wp\/v2\/pages\/968\/revisions"}],"predecessor-version":[{"id":985,"href":"https:\/\/silencioradiante.com\/es\/wp-json\/wp\/v2\/pages\/968\/revisions\/985"}],"wp:attachment":[{"href":"https:\/\/silencioradiante.com\/es\/wp-json\/wp\/v2\/media?parent=968"}],"curies":[{"name":"wp","href":"https:\/\/api.w.org\/{rel}","templated":true}]}}