{"id":293,"date":"2025-11-21T10:27:17","date_gmt":"2025-11-21T09:27:17","guid":{"rendered":"https:\/\/silencioradiante.com\/?page_id=293"},"modified":"2026-01-14T20:58:48","modified_gmt":"2026-01-14T19:58:48","slug":"about","status":"publish","type":"page","link":"https:\/\/silencioradiante.com\/es\/about\/","title":{"rendered":"Sobre Nosotros"},"content":{"rendered":"<div class=\"wp-block-cover alignfull\" style=\"margin-top:0;margin-bottom:var(--wp--preset--spacing--70)\"><img loading=\"lazy\" decoding=\"async\" width=\"1024\" height=\"290\" class=\"wp-block-cover__image-background wp-image-129 size-large\" alt=\"\" src=\"https:\/\/silencioradiante.com\/wp-content\/uploads\/2025\/11\/Small-Banner-01-1024x290.jpg\" data-object-fit=\"cover\" srcset=\"https:\/\/silencioradiante.com\/wp-content\/uploads\/2025\/11\/Small-Banner-01-1024x290.jpg 1024w, https:\/\/silencioradiante.com\/wp-content\/uploads\/2025\/11\/Small-Banner-01-300x85.jpg 300w, https:\/\/silencioradiante.com\/wp-content\/uploads\/2025\/11\/Small-Banner-01-768x217.jpg 768w, https:\/\/silencioradiante.com\/wp-content\/uploads\/2025\/11\/Small-Banner-01-1536x434.jpg 1536w, https:\/\/silencioradiante.com\/wp-content\/uploads\/2025\/11\/Small-Banner-01.jpg 1920w\" sizes=\"auto, (max-width: 1024px) 100vw, 1024px\" \/><span aria-hidden=\"true\" class=\"wp-block-cover__background has-background-dim-0 has-background-dim\" style=\"background-color:#84756b\"><\/span><div class=\"wp-block-cover__inner-container is-layout-constrained wp-block-cover-is-layout-constrained\">\n<h2 class=\"wp-block-heading has-text-align-center has-large-font-size\">Sobre Nosotros<\/h2>\n<\/div><\/div>\n\n\n\n<div class=\"wp-block-uagb-separator uagb-block-7b037c6e wp-block-uagb-separator--text\"><div class=\"uagb-separator-spacing-wrapper\"><div class=\"wp-block-uagb-separator__inner\" style=\"--my-background-image:\"><div class=\"wp-block-uagb-separator-element\"><h3 class=\"uagb-html-tag\">Silencio Radiante<\/h3><\/div><\/div><\/div><\/div>\n\n\n\n<div class=\"wp-block-media-text is-stacked-on-mobile is-vertically-aligned-center\" style=\"margin-bottom:var(--wp--preset--spacing--60);grid-template-columns:27% auto\"><figure class=\"wp-block-media-text__media\"><img loading=\"lazy\" decoding=\"async\" width=\"580\" height=\"580\" src=\"https:\/\/silencioradiante.com\/wp-content\/uploads\/2026\/01\/Logo-color.png\" alt=\"\" class=\"wp-image-977 size-full\" srcset=\"https:\/\/silencioradiante.com\/wp-content\/uploads\/2026\/01\/Logo-color.png 580w, https:\/\/silencioradiante.com\/wp-content\/uploads\/2026\/01\/Logo-color-300x300.png 300w, https:\/\/silencioradiante.com\/wp-content\/uploads\/2026\/01\/Logo-color-150x150.png 150w, https:\/\/silencioradiante.com\/wp-content\/uploads\/2026\/01\/Logo-color-12x12.png 12w\" sizes=\"auto, (max-width: 580px) 100vw, 580px\" \/><\/figure><div class=\"wp-block-media-text__content\">\n<p>Este espacio existe por una sola raz\u00f3n: el reconocimiento directo de lo que realmente eres.<\/p>\n\n\n\n<p>Arraigado en la Ense\u00f1anza de los Ishayas de The Bright Path, este trabajo no busca mejorar el yo, sanar la personalidad ni construir una versi\u00f3n mejorada de ti. Apunta m\u00e1s all\u00e1 del esfuerzo, m\u00e1s all\u00e1 de arreglar, m\u00e1s all\u00e1 de llegar a ser \u2014 hacia la verdad simple y evidente de la Conciencia misma.<\/p>\n\n\n\n<p>Lo que aqu\u00ed se ofrece no es filosof\u00eda, creencia ni desarrollo personal. Es un camino vivido y pr\u00e1ctico de Despertar \u2014 un medio para disolver la experiencia de separaci\u00f3n y redescubrir la Conciencia radiante que ya eres.<\/p>\n<\/div><\/div>\n\n\n\n<div class=\"wp-block-uagb-separator uagb-block-2b9d1517 wp-block-uagb-separator--text\"><div class=\"uagb-separator-spacing-wrapper\"><div class=\"wp-block-uagb-separator__inner\" style=\"--my-background-image:\"><div class=\"wp-block-uagb-separator-element\"><h3 class=\"uagb-html-tag\">Krishnananda Ishaya<\/h3><\/div><\/div><\/div><\/div>\n\n\n\n<div class=\"wp-block-media-text has-media-on-the-right is-stacked-on-mobile\" style=\"margin-bottom:var(--wp--preset--spacing--60);grid-template-columns:auto 34%\"><div class=\"wp-block-media-text__content\">\n<p>Krishnananda es un Maestro contempor\u00e1neo dentro del linaje conocido como los Ishayas. Es ampliamente reconocido por presentar las Ense\u00f1anzas de los Ishayas de una manera directa, disciplinada y experiencial, poniendo el \u00e9nfasis en la realizaci\u00f3n vivida m\u00e1s que en la filosof\u00eda o la creencia.<\/p>\n\n\n\n<p>Su instrucci\u00f3n se centra en t\u00e9cnicas simples pero rigurosas, dise\u00f1adas para disolver el estr\u00e9s, estabilizar la conciencia y clarificar el reconocimiento de la quietud que ya est\u00e1 presente. Los estudiantes suelen describir su enfoque como intransigente pero preciso: poca abstracci\u00f3n, repetici\u00f3n constante y una firme insistencia en la responsabilidad personal por la pr\u00e1ctica.<\/p>\n\n\n\n<p>Krishnananda tambi\u00e9n es conocido por mantener un perfil p\u00fablico relativamente discreto en comparaci\u00f3n con otros maestros modernos. Gran parte de su trabajo ha tenido lugar a trav\u00e9s de retiros presenciales, relaciones a largo plazo con estudiantes y la transmisi\u00f3n de boca en boca, m\u00e1s que mediante grandes plataformas medi\u00e1ticas. Esto ha reforzado una din\u00e1mica tradicional maestro\u2013estudiante, enfocada en la continuidad y la profundidad.<\/p>\n<\/div><figure class=\"wp-block-media-text__media\"><img loading=\"lazy\" decoding=\"async\" width=\"747\" height=\"747\" src=\"https:\/\/silencioradiante.com\/wp-content\/uploads\/2025\/11\/MKI.png\" alt=\"\" class=\"wp-image-171 size-full\" srcset=\"https:\/\/silencioradiante.com\/wp-content\/uploads\/2025\/11\/MKI.png 747w, https:\/\/silencioradiante.com\/wp-content\/uploads\/2025\/11\/MKI-300x300.png 300w, https:\/\/silencioradiante.com\/wp-content\/uploads\/2025\/11\/MKI-150x150.png 150w\" sizes=\"auto, (max-width: 747px) 100vw, 747px\" \/><\/figure><\/div>\n\n\n\n<div class=\"wp-block-uagb-separator uagb-block-211c98dd wp-block-uagb-separator--text\"><div class=\"uagb-separator-spacing-wrapper\"><div class=\"wp-block-uagb-separator__inner\" style=\"--my-background-image:\"><div class=\"wp-block-uagb-separator-element\"><h3 class=\"uagb-html-tag\">La Ense\u00f1anza de los Ishayas<\/h3><\/div><\/div><\/div><\/div>\n\n\n\n<div class=\"wp-block-media-text is-stacked-on-mobile\" style=\"grid-template-columns:36% auto\"><figure class=\"wp-block-media-text__media\"><img loading=\"lazy\" decoding=\"async\" width=\"1024\" height=\"1024\" src=\"https:\/\/silencioradiante.com\/wp-content\/uploads\/2026\/01\/MK_mountains-1024x1024.png\" alt=\"\" class=\"wp-image-1007 size-full\" srcset=\"https:\/\/silencioradiante.com\/wp-content\/uploads\/2026\/01\/MK_mountains-1024x1024.png 1024w, https:\/\/silencioradiante.com\/wp-content\/uploads\/2026\/01\/MK_mountains-300x300.png 300w, https:\/\/silencioradiante.com\/wp-content\/uploads\/2026\/01\/MK_mountains-150x150.png 150w, https:\/\/silencioradiante.com\/wp-content\/uploads\/2026\/01\/MK_mountains-768x768.png 768w, https:\/\/silencioradiante.com\/wp-content\/uploads\/2026\/01\/MK_mountains-12x12.png 12w, https:\/\/silencioradiante.com\/wp-content\/uploads\/2026\/01\/MK_mountains.png 1080w\" sizes=\"auto, (max-width: 1024px) 100vw, 1024px\" \/><\/figure><div class=\"wp-block-media-text__content\">\n<p>La Ense\u00f1anza de los Ishayas es radicalmente simple e intransigente.<\/p>\n\n\n\n<p>No promete una vida mejor en el futuro. Revela lo que ya es pleno, presente y completo \u2014 aqu\u00ed y ahora.<\/p>\n\n\n\n<p>A trav\u00e9s de pr\u00e1cticas sin esfuerzo, con los ojos cerrados, y una gu\u00eda directa, la Ascensi\u00f3n permite que el sistema nervioso libere el estr\u00e9s y las identificaciones profundamente arraigadas. A medida que este estr\u00e9s se disuelve, la conciencia regresa de manera natural a s\u00ed misma. La paz deja de ser algo que hay que alcanzar; se convierte en el fundamento desde el cual se vive la vida.<\/p>\n\n\n\n<p>No se trata de retirarse del mundo. Se trata de encontrarse con la vida desde la claridad en lugar del miedo, desde la presencia en lugar del h\u00e1bito, desde el amor en lugar de la b\u00fasqueda.<\/p>\n\n\n\n<div class=\"wp-block-buttons is-layout-flex wp-block-buttons-is-layout-flex\">\n<div class=\"wp-block-button is-style-outline is-style-outline--1\"><a class=\"wp-block-button__link wp-element-button\" href=\"https:\/\/www.thebrightpath.com\/en\/\">M\u00e1s informaci\u00f3n<\/a><\/div>\n<\/div>\n<\/div><\/div>\n\n\n\n<div style=\"height:350px\" aria-hidden=\"true\" class=\"wp-block-spacer\"><\/div>","protected":false},"excerpt":{"rendered":"<p>This space exists for one reason: The direct recognition of what you truly are. Rooted in the Teaching of The [&hellip;]<\/p>\n","protected":false},"author":1,"featured_media":0,"parent":0,"menu_order":0,"comment_status":"closed","ping_status":"closed","template":"","meta":{"_uag_custom_page_level_css":"","site-sidebar-layout":"default","site-content-layout":"","ast-site-content-layout":"default","site-content-style":"default","site-sidebar-style":"default","ast-global-header-display":"","ast-banner-title-visibility":"","ast-main-header-display":"","ast-hfb-above-header-display":"","ast-hfb-below-header-display":"","ast-hfb-mobile-header-display":"","site-post-title":"disabled","ast-breadcrumbs-content":"","ast-featured-img":"","footer-sml-layout":"","ast-disable-related-posts":"","theme-transparent-header-meta":"","adv-header-id-meta":"","stick-header-meta":"","header-above-stick-meta":"","header-main-stick-meta":"","header-below-stick-meta":"","astra-migrate-meta-layouts":"default","ast-page-background-enabled":"default","ast-page-background-meta":{"desktop":{"background-color":"var(--ast-global-color-5)","background-image":"","background-repeat":"repeat","background-position":"center center","background-size":"auto","background-attachment":"scroll","background-type":"","background-media":"","overlay-type":"","overlay-color":"","overlay-opacity":"","overlay-gradient":""},"tablet":{"background-color":"","background-image":"","background-repeat":"repeat","background-position":"center center","background-size":"auto","background-attachment":"scroll","background-type":"","background-media":"","overlay-type":"","overlay-color":"","overlay-opacity":"","overlay-gradient":""},"mobile":{"background-color":"","background-image":"","background-repeat":"repeat","background-position":"center center","background-size":"auto","background-attachment":"scroll","background-type":"","background-media":"","overlay-type":"","overlay-color":"","overlay-opacity":"","overlay-gradient":""}},"ast-content-background-meta":{"desktop":{"background-color":"var(--ast-global-color-4)","background-image":"","background-repeat":"repeat","background-position":"center center","background-size":"auto","background-attachment":"scroll","background-type":"","background-media":"","overlay-type":"","overlay-color":"","overlay-opacity":"","overlay-gradient":""},"tablet":{"background-color":"var(--ast-global-color-4)","background-image":"","background-repeat":"repeat","background-position":"center center","background-size":"auto","background-attachment":"scroll","background-type":"","background-media":"","overlay-type":"","overlay-color":"","overlay-opacity":"","overlay-gradient":""},"mobile":{"background-color":"var(--ast-global-color-4)","background-image":"","background-repeat":"repeat","background-position":"center center","background-size":"auto","background-attachment":"scroll","background-type":"","background-media":"","overlay-type":"","overlay-color":"","overlay-opacity":"","overlay-gradient":""}},"footnotes":""},"class_list":["post-293","page","type-page","status-publish","hentry"],"uagb_featured_image_src":{"full":false,"thumbnail":false,"medium":false,"medium_large":false,"large":false,"1536x1536":false,"2048x2048":false,"trp-custom-language-flag":false,"mailpoet_newsletter_max":false},"uagb_author_info":{"display_name":"priya.ishaya@gmail.com","author_link":"https:\/\/silencioradiante.com\/es\/author\/priya-ishayagmail-com\/"},"uagb_comment_info":0,"uagb_excerpt":"This space exists for one reason: The direct recognition of what you truly are. Rooted in the Teaching of The [&hellip;]","_links":{"self":[{"href":"https:\/\/silencioradiante.com\/es\/wp-json\/wp\/v2\/pages\/293","targetHints":{"allow":["GET"]}}],"collection":[{"href":"https:\/\/silencioradiante.com\/es\/wp-json\/wp\/v2\/pages"}],"about":[{"href":"https:\/\/silencioradiante.com\/es\/wp-json\/wp\/v2\/types\/page"}],"author":[{"embeddable":true,"href":"https:\/\/silencioradiante.com\/es\/wp-json\/wp\/v2\/users\/1"}],"replies":[{"embeddable":true,"href":"https:\/\/silencioradiante.com\/es\/wp-json\/wp\/v2\/comments?post=293"}],"version-history":[{"count":19,"href":"https:\/\/silencioradiante.com\/es\/wp-json\/wp\/v2\/pages\/293\/revisions"}],"predecessor-version":[{"id":1122,"href":"https:\/\/silencioradiante.com\/es\/wp-json\/wp\/v2\/pages\/293\/revisions\/1122"}],"wp:attachment":[{"href":"https:\/\/silencioradiante.com\/es\/wp-json\/wp\/v2\/media?parent=293"}],"curies":[{"name":"wp","href":"https:\/\/api.w.org\/{rel}","templated":true}]}}